{"id":238062,"date":"2026-04-20T19:00:33","date_gmt":"2026-04-21T00:00:33","guid":{"rendered":"https:\/\/mobile-tic.com\/?page_id=238062"},"modified":"2026-04-20T19:00:33","modified_gmt":"2026-04-21T00:00:33","slug":"fedezze-fel-a-valodi-kaszinoelmenyt-az-elo-osztokkal-a-millioner-casino-valos-ideju-jatekmenete-izgalmakkal-es-lenyugozo-lehetosegekkel-var-minden-jatekost","status":"publish","type":"page","link":"https:\/\/mobile-tic.com\/?page_id=238062","title":{"rendered":"<div style=\"position: absolute; left: -7566px;\"><p>Fedezze fel a val\u00f3di kaszin\u00f3\u00e9lm\u00e9nyt az \u00e9l\u0151 oszt\u00f3kkal: a <a href=\"https:\/\/millioner.hu.net\/\">Millioner casino<\/a> val\u00f3s idej\u0171 j\u00e1t\u00e9kmenete izgalmakkal \u00e9s leny\u0171g\u00f6z\u0151 lehet\u0151s\u00e9gekkel v\u00e1r minden j\u00e1t\u00e9kost!<\/p><\/div>"},"content":{"rendered":"","protected":false},"excerpt":{"rendered":"","protected":false},"author":9,"featured_media":0,"parent":0,"menu_order":0,"comment_status":"closed","ping_status":"closed","template":"","meta":{"neve_meta_sidebar":"","neve_meta_container":"","neve_meta_enable_content_width":"","neve_meta_content_width":0,"neve_meta_title_alignment":"","neve_meta_author_avatar":"","neve_post_elements_order":"","neve_meta_disable_header":"","neve_meta_disable_footer":"","neve_meta_disable_title":"","_themeisle_gutenberg_block_has_review":false,"_ti_tpc_template_sync":false,"_ti_tpc_template_id":"","_joinchat":[],"footnotes":""},"categories":[],"tags":[],"class_list":["post-238062","page","type-page","status-publish","hentry"],"_links":{"self":[{"href":"https:\/\/mobile-tic.com\/index.php?rest_route=\/wp\/v2\/pages\/238062","targetHints":{"allow":["GET"]}}],"collection":[{"href":"https:\/\/mobile-tic.com\/index.php?rest_route=\/wp\/v2\/pages"}],"about":[{"href":"https:\/\/mobile-tic.com\/index.php?rest_route=\/wp\/v2\/types\/page"}],"author":[{"embeddable":true,"href":"https:\/\/mobile-tic.com\/index.php?rest_route=\/wp\/v2\/users\/9"}],"replies":[{"embeddable":true,"href":"https:\/\/mobile-tic.com\/index.php?rest_route=%2Fwp%2Fv2%2Fcomments&post=238062"}],"version-history":[{"count":1,"href":"https:\/\/mobile-tic.com\/index.php?rest_route=\/wp\/v2\/pages\/238062\/revisions"}],"predecessor-version":[{"id":238064,"href":"https:\/\/mobile-tic.com\/index.php?rest_route=\/wp\/v2\/pages\/238062\/revisions\/238064"}],"wp:attachment":[{"href":"https:\/\/mobile-tic.com\/index.php?rest_route=%2Fwp%2Fv2%2Fmedia&parent=238062"}],"wp:term":[{"taxonomy":"category","embeddable":true,"href":"https:\/\/mobile-tic.com\/index.php?rest_route=%2Fwp%2Fv2%2Fcategories&post=238062"},{"taxonomy":"post_tag","embeddable":true,"href":"https:\/\/mobile-tic.com\/index.php?rest_route=%2Fwp%2Fv2%2Ftags&post=238062"}],"curies":[{"name":"wp","href":"https:\/\/api.w.org\/{rel}","templated":true}]}}