{"id":521,"date":"2023-03-11T00:13:25","date_gmt":"2023-03-11T05:13:25","guid":{"rendered":"http:\/\/mobile-tic.comacerca-de-copy\/"},"modified":"2023-04-01T10:58:46","modified_gmt":"2023-04-01T15:58:46","slug":"pqrs","status":"publish","type":"page","link":"https:\/\/mobile-tic.com\/?page_id=521","title":{"rendered":"PQRS"},"content":{"rendered":"\n<div class=\"wp-block-cover alignfull is-light wp-duotone-rgb2055-rgb48127255-1\" style=\"min-height:30vh;aspect-ratio:unset;\"><span aria-hidden=\"true\" class=\"wp-block-cover__background has-background-dim\"><\/span><img loading=\"lazy\" decoding=\"async\" width=\"1980\" height=\"751\" class=\"wp-block-cover__image-background wp-image-466\" alt=\"\" src=\"https:\/\/mobile-tic.com\/wp-content\/uploads\/2023\/03\/operador-masculino-equipo-trabajo-call-center.jpg\" style=\"object-position:50% 22%\" data-object-fit=\"cover\" data-object-position=\"50% 22%\" srcset=\"https:\/\/mobile-tic.com\/wp-content\/uploads\/2023\/03\/operador-masculino-equipo-trabajo-call-center.jpg 1980w, https:\/\/mobile-tic.com\/wp-content\/uploads\/2023\/03\/operador-masculino-equipo-trabajo-call-center-300x114.jpg 300w, https:\/\/mobile-tic.com\/wp-content\/uploads\/2023\/03\/operador-masculino-equipo-trabajo-call-center-1024x388.jpg 1024w, https:\/\/mobile-tic.com\/wp-content\/uploads\/2023\/03\/operador-masculino-equipo-trabajo-call-center-768x291.jpg 768w, https:\/\/mobile-tic.com\/wp-content\/uploads\/2023\/03\/operador-masculino-equipo-trabajo-call-center-1536x583.jpg 1536w\" sizes=\"auto, (max-width: 1980px) 100vw, 1980px\" \/><div class=\"wp-block-cover__inner-container is-layout-flow wp-block-cover-is-layout-flow\">\n<h1 class=\"wp-block-heading has-text-align-center has-nv-text-dark-bg-color has-text-color\">PQRS<\/h1>\n<\/div><\/div>\n\n\n\n<div class=\"wp-block-cover alignfull\" style=\"min-height:600px;aspect-ratio:unset;\"><span aria-hidden=\"true\" class=\"wp-block-cover__background has-nv-light-bg-background-color has-background-dim-100 has-background-dim\"><\/span><div class=\"wp-block-cover__inner-container is-layout-flow wp-block-cover-is-layout-flow\">\n<div id=\"wp-block-themeisle-blocks-advanced-columns-3cbea407\" class=\"wp-block-themeisle-blocks-advanced-columns has-2-columns has-desktop-equal-layout has-tablet-equal-layout has-mobile-collapsedRows-layout has-vertical-unset\"><div class=\"wp-block-themeisle-blocks-advanced-columns-overlay\"><\/div><div class=\"innerblocks-wrap\">\n<div id=\"wp-block-themeisle-blocks-advanced-column-3c5ac115\" class=\"wp-block-themeisle-blocks-advanced-column animated fadeInUp delay-500ms\">\n<div id=\"wp-block-themeisle-blocks-font-awesome-icons-13be3327\" class=\"wp-block-themeisle-blocks-font-awesome-icons\"><span class=\"wp-block-themeisle-blocks-font-awesome-icons-container\"><i class=\"far fa-question-circle\"><\/i><\/span><\/div>\n\n\n\n<h4 class=\"wp-block-heading has-text-align-center has-neve-link-color-color has-text-color\" style=\"text-transform:none\">\u00bfQu\u00e9 es una petici\u00f3n?<\/h4>\n\n\n\n<p class=\"has-text-align-center has-neve-text-color-color has-text-color\">Es el requerimiento que se realiza en nombre propio, apoderado, representante o entidad para solicitar el reconocimiento de un derecho, la prestaci\u00f3n de un servicio, pedir informaci\u00f3n, documentos o copias, formular consultas y obtener respuesta oportuna y de fondo.<\/p>\n<\/div>\n\n\n\n<div id=\"wp-block-themeisle-blocks-advanced-column-e4acd504\" class=\"wp-block-themeisle-blocks-advanced-column animated fadeInUp delay-500ms\">\n<div id=\"wp-block-themeisle-blocks-font-awesome-icons-08bc989e\" class=\"wp-block-themeisle-blocks-font-awesome-icons\"><span class=\"wp-block-themeisle-blocks-font-awesome-icons-container\"><i class=\"far fa-question-circle\"><\/i><\/span><\/div>\n\n\n\n<h4 class=\"wp-block-heading has-text-align-center has-neve-link-color-color has-text-color\" style=\"text-transform:none\">\u00bfQu\u00e9 es una queja?<\/h4>\n\n\n\n<p class=\"has-text-align-center has-neve-text-color-color has-text-color\">Es la manifestaci\u00f3n de desacuerdo, insatisfacci\u00f3n o descontento al recibir una atenci\u00f3n inadecuada por parte de un servidor p\u00fablico.<\/p>\n<\/div>\n<\/div><\/div>\n\n\n\n<div id=\"wp-block-themeisle-blocks-advanced-columns-e5e972b5\" class=\"wp-block-themeisle-blocks-advanced-columns has-2-columns has-desktop-equal-layout has-tablet-equal-layout has-mobile-collapsedRows-layout has-vertical-unset\"><div class=\"wp-block-themeisle-blocks-advanced-columns-overlay\"><\/div><div class=\"innerblocks-wrap\">\n<div id=\"wp-block-themeisle-blocks-advanced-column-10cfac3e\" class=\"wp-block-themeisle-blocks-advanced-column animated fadeInUp delay-500ms\">\n<div id=\"wp-block-themeisle-blocks-font-awesome-icons-53d669ea\" class=\"wp-block-themeisle-blocks-font-awesome-icons\"><span class=\"wp-block-themeisle-blocks-font-awesome-icons-container\"><i class=\"far fa-question-circle\"><\/i><\/span><\/div>\n\n\n\n<h4 class=\"wp-block-heading has-text-align-center has-neve-link-color-color has-text-color\" style=\"text-transform:none\">\u00bfQu\u00e9 es un reclamo?<\/h4>\n\n\n\n<p class=\"has-text-align-center has-neve-text-color-color has-text-color\">Es la exigencia ante la ausencia o indebida prestaci\u00f3n de un servicio o la falta de atenci\u00f3n de una petici\u00f3n.<\/p>\n<\/div>\n\n\n\n<div id=\"wp-block-themeisle-blocks-advanced-column-10ec05b7\" class=\"wp-block-themeisle-blocks-advanced-column animated fadeInUp delay-500ms\">\n<div id=\"wp-block-themeisle-blocks-font-awesome-icons-0791f6b3\" class=\"wp-block-themeisle-blocks-font-awesome-icons\"><span class=\"wp-block-themeisle-blocks-font-awesome-icons-container\"><i class=\"far fa-question-circle\"><\/i><\/span><\/div>\n\n\n\n<h4 class=\"wp-block-heading has-text-align-center has-neve-link-color-color has-text-color\" style=\"text-transform:none\">\u00bfQu\u00e9 es una sugerencia?<\/h4>\n\n\n\n<p class=\"has-text-align-center has-neve-text-color-color has-text-color\">Es la manifestaci\u00f3n de una propuesta para plantear un cambio o mejora de un servicio, tr\u00e1mite o proceso.<\/p>\n<\/div>\n<\/div><\/div>\n\n\n\n<div class=\"wp-block-columns is-layout-flex wp-container-core-columns-is-layout-9d6595d7 wp-block-columns-is-layout-flex\">\n<div class=\"wp-block-column is-layout-flow wp-block-column-is-layout-flow\">\n<div style=\"height:30px\" aria-hidden=\"true\" class=\"wp-block-spacer\"><\/div>\n\n\n\n<p class=\"has-neve-text-color-color has-text-color has-medium-font-size\">Nuestra meta es cumplir siempre con las necesidades de nuestros clientes y mejorar constantemente. Nos importa su opini\u00f3n y estamos comprometidos en brindarles el mejor servicio posible. \u00a1Tu retroalimentaci\u00f3n es importante para nosotros!<\/p>\n<\/div>\n<\/div>\n\n\n\n<div class=\"wp-block-group\"><div class=\"wp-block-group__inner-container is-layout-flow wp-block-group-is-layout-flow\">\n<div id=\"wp-block-themeisle-blocks-advanced-columns-6f72af6d\" class=\"wp-block-themeisle-blocks-advanced-columns has-1-columns has-desktop-equal-layout has-tablet-equal-layout has-mobile-collapsedRows-layout has-vertical-unset\"><div class=\"wp-block-themeisle-blocks-advanced-columns-overlay\"><\/div><div class=\"innerblocks-wrap\">\n<div id=\"wp-block-themeisle-blocks-advanced-column-5db2cc4c\" class=\"wp-block-themeisle-blocks-advanced-column animated fadeInUp delay-500ms\">\n<h3 class=\"wp-block-heading has-nv-c-1-color has-text-color\">Radicar PQRS<\/h3>\n\n\n\n<div class=\"forminator-guttenberg\"><div class=\"forminator-ui forminator-custom-form forminator-custom-form-950 forminator-design--material  forminator_ajax\" data-forminator-render=\"0\" data-form=\"forminator-module-950\" data-uid=\"69decd4119254\"><br\/><\/div><form\n\t\t\t\tid=\"forminator-module-950\"\n\t\t\t\tclass=\"forminator-ui forminator-custom-form forminator-custom-form-950 forminator-design--material  forminator_ajax\"\n\t\t\t\tmethod=\"post\"\n\t\t\t\tdata-forminator-render=\"0\"\n\t\t\t\tdata-form-id=\"950\"\n\t\t\t\t\n\t\t\t\tdata-design=\"material\"\n\t\t\t\t\n\t\t\t\t\n\t\t\t\t\n\t\t\t\tdata-grid=\"open\"\n\t\t\t\tenctype=\"multipart\/form-data\"\n\t\t\t\t\n\t\t\t\tstyle=\"display: none;\"\n\t\t\t\t\n\t\t\t\tdata-uid=\"69decd4119254\"\n\t\t\t><div class=\"forminator-response-message forminator-error\" aria-hidden=\"true\"><\/div><div class=\"forminator-row\"><div id=\"name-1\" class=\"forminator-col forminator-col-4 \"><div class=\"forminator-field\"><label for=\"forminator-field-name-1_69decd4119254\" class=\"forminator-label\">Nombre completo del diligenciante <span class=\"forminator-required\">*<\/span><\/label><input type=\"text\" name=\"name-1\" value=\"\" placeholder=\"\" id=\"forminator-field-name-1_69decd4119254\" class=\"forminator-input forminator-name--field\" aria-required=\"true\" \/><\/div><\/div><div id=\"select-2\" class=\"forminator-col forminator-col-4 \"><div class=\"forminator-field\"><label for=\"forminator-form-950__field--select-2_69decd4119254-label\" class=\"forminator-label\">Tipo de documento <span class=\"forminator-required\">*<\/span><\/label><select id=\"forminator-form-950__field--select-2_69decd4119254\" class=\"forminator-select--field forminator-select2\" data-required=\"1\" name=\"select-2\" data-default-value=\"C.C C\u00e9dula de ciudadan\u00eda\" data-placeholder=\"Please select an option\" data-search=\"false\" aria-describedby=\"forminator-form-950__field--select-2_69decd4119254-description\"><option value=\"\">Please select an option<\/option><option value=\"C.C C\u00e9dula de ciudadan\u00eda\" selected=\"selected\" data-calculation=\"0\">(CC) C\u00e9dula de ciudadan\u00eda<\/option><option value=\"PS Pasaporte\"  data-calculation=\"0\">(PA) Pasaporte<\/option><option value=\"CE-C\u00e9dula-de-extranjer\u00eda\"  data-calculation=\"0\">(CE) C\u00e9dula de extranjer\u00eda<\/option><option value=\"NIT\"  data-calculation=\"0\">NIT<\/option><\/select><\/div><\/div><div id=\"number-1\" class=\"forminator-col forminator-col-4 \"><div class=\"forminator-field\"><label for=\"forminator-field-number-1_69decd4119254\" class=\"forminator-label\">N\u00famero de documento <span class=\"forminator-required\">*<\/span><\/label><input name=\"number-1\" value=\"\" placeholder=\"No.\" id=\"forminator-field-number-1_69decd4119254\" class=\"forminator-input forminator-number--field\" inputmode=\"decimal\" data-required=\"1\" data-decimals=\"0\" aria-required=\"true\" data-inputmask=\"&#039;groupSeparator&#039;: &#039;,&#039;, &#039;radixPoint&#039;: &#039;&#039;, &#039;digits&#039;: &#039;0&#039;\" \/><\/div><\/div><\/div><div class=\"forminator-row\"><div id=\"phone-1\" class=\"forminator-col forminator-col-4 \"><div class=\"forminator-field\"><label for=\"forminator-field-phone-1_69decd4119254\" class=\"forminator-label\">N\u00famero de tel\u00e9fono \/ Celular <span class=\"forminator-required\">*<\/span><\/label><input type=\"text\" name=\"phone-1\" value=\"\" placeholder=\"Ejemplo: +57 300 4005 000\" id=\"forminator-field-phone-1_69decd4119254\" class=\"forminator-input forminator-field--phone\" data-required=\"1\" aria-required=\"true\" autocomplete=\"off\" \/><\/div><\/div><div id=\"email-1\" class=\"forminator-col forminator-col-4 \"><div class=\"forminator-field\"><label for=\"forminator-field-email-1_69decd4119254\" class=\"forminator-label\">Correo electr\u00f3nico <span class=\"forminator-required\">*<\/span><\/label><input type=\"email\" name=\"email-1\" value=\"\" placeholder=\"Ej . : john@doe.com\" id=\"forminator-field-email-1_69decd4119254\" class=\"forminator-input forminator-email--field\" data-required=\"true\" aria-required=\"true\" \/><\/div><\/div><div id=\"name-2\" class=\"forminator-col forminator-col-4 \"><div class=\"forminator-field\"><label for=\"forminator-field-name-2_69decd4119254\" class=\"forminator-label\">Nombre de la entidad <span class=\"forminator-required\">*<\/span><\/label><input type=\"text\" name=\"name-2\" value=\"\" placeholder=\"\" id=\"forminator-field-name-2_69decd4119254\" class=\"forminator-input forminator-name--field\" aria-required=\"true\" \/><\/div><\/div><\/div><div class=\"forminator-row\"><div id=\"select-1\" class=\"forminator-col forminator-col-4 \"><div class=\"forminator-field\"><label for=\"forminator-form-950__field--select-1_69decd4119254-label\" class=\"forminator-label\">Sistema <span class=\"forminator-required\">*<\/span><\/label><select id=\"forminator-form-950__field--select-1_69decd4119254\" class=\"forminator-select--field forminator-select2\" data-required=\"1\" name=\"select-1\" data-default-value=\"\" data-placeholder=\"Seleccionar...\" data-search=\"false\" aria-describedby=\"forminator-form-950__field--select-1_69decd4119254-description\"><option value=\"\">Seleccionar...<\/option><option value=\"Administrador de Acueductos\"  data-calculation=\"0\">Administrador de Acueductos<\/option><option value=\"Sistema Restaurante \/ BAR\"  data-calculation=\"0\">Sistema Restaurante \/ BAR<\/option><option value=\"Ventas \/ CRM\"  data-calculation=\"0\">Ventas \/ CRM<\/option><option value=\"Ordenes Trabajo (P.O.T)\"  data-calculation=\"0\">Ordenes Trabajo (P.O.T)<\/option><\/select><span id=\"forminator-form-950__field--select-1_69decd4119254-description\" class=\"forminator-description\">Sistema al cual quiere asociar la PQRS<\/span><\/div><\/div><div id=\"select-3\" class=\"forminator-col forminator-col-4 \"><div class=\"forminator-field\"><label for=\"forminator-form-950__field--select-3_69decd4119254-label\" class=\"forminator-label\">Asunto <span class=\"forminator-required\">*<\/span><\/label><select id=\"forminator-form-950__field--select-3_69decd4119254\" class=\"forminator-select--field forminator-select2\" data-required=\"1\" name=\"select-3\" data-default-value=\"\" data-placeholder=\"Seleccionar...\" data-search=\"false\" aria-describedby=\"forminator-form-950__field--select-3_69decd4119254-description\"><option value=\"\">Seleccionar...<\/option><option value=\"Peticiones\"  data-calculation=\"0\">Peticiones<\/option><option value=\"Quejas\"  data-calculation=\"0\">Quejas<\/option><option value=\"Reclamos\"  data-calculation=\"0\">Reclamos<\/option><option value=\"Sugerencias\"  data-calculation=\"0\">Sugerencias<\/option><\/select><span id=\"forminator-form-950__field--select-3_69decd4119254-description\" class=\"forminator-description\">Motivo de contacto (PQRS)<\/span><\/div><\/div><div id=\"upload-1\" class=\"forminator-col forminator-col-4 \"><div class=\"forminator-field\"><label for=\"forminator-field-upload-1_69decd4119254\" class=\"forminator-label\">Adjuntar imagen<\/label><div class=\"forminator-file-upload \" data-element=\"upload-1_69decd4119254\" aria-describedby=\"forminator-field-upload-1_69decd4119254-description\"><input type=\"file\" name=\"upload-1\" id=\"forminator-field-upload-1_69decd4119254\" class=\"forminator-input-file\" accept=\".jpg,.jpeg,.jpe,.gif,.png,.bmp,.tiff,.tif,.webp,.ico,.heic,.asf,.asx,.wmv,.wmx,.wm,.avi,.divx,.flv,.mov,.qt,.mpeg,.mpg,.mpe,.mp4,.m4v,.ogv,.webm,.mkv,.3gp,.3gpp,.3g2,.3gp2,.txt,.asc,.c,.cc,.h,.srt,.csv,.tsv,.ics,.rtx,.css,.htm,.html,.vtt,.dfxp,.mp3,.m4a,.m4b,.aac,.ra,.ram,.wav,.ogg,.oga,.flac,.mid,.midi,.wma,.wax,.mka,.rtf,.js,.pdf,.class,.tar,.zip,.gz,.gzip,.rar,.7z,.psd,.xcf,.doc,.pot,.pps,.ppt,.wri,.xla,.xls,.xlt,.xlw,.mdb,.mpp,.docx,.docm,.dotx,.dotm,.xlsx,.xlsm,.xlsb,.xltx,.xltm,.xlam,.pptx,.pptm,.ppsx,.ppsm,.potx,.potm,.ppam,.sldx,.sldm,.onetoc,.onetoc2,.onetmp,.onepkg,.oxps,.xps,.odt,.odp,.ods,.odg,.odc,.odb,.odf,.wp,.wpd,.key,.numbers,.pages,.json,.lottie,.svg\"><button id=\"forminator-field-upload-1_69decd4119254_button\" class=\"forminator-button forminator-button-upload\" data-id=\"forminator-field-upload-1_69decd4119254\"><span>Elegir archivo<\/span><span aria-hidden=\"true\"><\/span><\/button><span data-empty-text=\"Ning\u00fan archivo seleccionado\">Ning\u00fan archivo seleccionado<\/span><button class=\"forminator-button-delete\" style=\"display: none;\"><i class=\"forminator-icon-close\" aria-hidden=\"true\"><\/i><span class=\"forminator-screen-reader-only\">Eliminar el archivo subido<\/span><\/button><\/div><span id=\"forminator-field-upload-1_69decd4119254-description\" class=\"forminator-description\">Imagen, evidencias relacionadas<\/span><\/div><\/div><\/div><div class=\"forminator-row\"><div id=\"textarea-1\" class=\"forminator-col forminator-col-12 \"><div class=\"forminator-field\"><label for=\"forminator-field-textarea-1_69decd4119254\" class=\"forminator-label\">Mensaje<\/label><textarea name=\"textarea-1\" placeholder=\"Introduce tu mensaje...\" id=\"forminator-field-textarea-1_69decd4119254\" class=\"forminator-textarea\" rows=\"6\" style=\"min-height:140px;\" maxlength=\"180\" ><\/textarea><span id=\"forminator-field-textarea-1_69decd4119254-description\" class=\"forminator-description\"><span data-limit=\"180\" data-type=\"characters\">0 \/ 180<\/span><\/span><\/div><\/div><\/div><div class=\"forminator-row\"><div id=\"consent-1\" class=\"forminator-col forminator-col-12 \"><div class=\"forminator-field\"><div class=\"forminator-checkbox__wrapper\"><label for=\"forminator-field-consent-1_69decd4119254\" class=\"forminator-checkbox\" style=\"margin: 0;\" aria-labelledby=\"forminator-field-consent-1_69decd4119254__label\"><input type=\"checkbox\" name=\"consent-1\" value=\"checked\" id=\"forminator-field-consent-1_69decd4119254\" data-required=\"true\" aria-required=\"true\" \/><span class=\"forminator-checkbox-box\" aria-hidden=\"true\"><\/span><\/label><div id=\"forminator-field-consent-1_69decd4119254__label\" class=\"forminator-checkbox__label\"><p>S\u00ed, acepto la <a href=\"http:\/\/www.aguasdelnorte.co\/test\/mobile-tic\/politica-privacidad\/\" target=\"_blank\" rel=\"noopener\">pol\u00edtica de privacidad y tratamiento de datos.<\/a><\/p><\/div><\/div><\/div><\/div><\/div><div class=\"forminator-row\"><div id=\"captcha-1\" class=\"forminator-col forminator-col-12 \"><div class=\"forminator-g-recaptcha\" data-theme=\"light\"  data-sitekey=\"6Led3RAlAAAAACMBVG__rOcJ8sbr3FsuSLelM7LX\" data-size=\"normal\"><\/div> <\/div><\/div><input type=\"hidden\" name=\"referer_url\" value=\"\" \/><div class=\"forminator-row forminator-row-last\"><div class=\"forminator-col\"><div class=\"forminator-field\"><button class=\"forminator-button forminator-button-submit\"><span>Enviar mensaje<\/span><span aria-hidden=\"true\"><\/span><\/button><\/div><\/div><\/div><input type=\"hidden\" id=\"forminator_nonce\" name=\"forminator_nonce\" value=\"71f3e03a40\" \/><input type=\"hidden\" name=\"_wp_http_referer\" value=\"\/index.php?rest_route=%2Fwp%2Fv2%2Fpages%2F521\" \/><input type=\"hidden\" name=\"form_id\" value=\"950\"><input type=\"hidden\" name=\"page_id\" value=\"521\"><input type=\"hidden\" name=\"form_type\" value=\"default\"><input type=\"hidden\" name=\"current_url\" value=\"https:\/\/mobile-tic.com\/?page_id=521\"><input type=\"hidden\" name=\"render_id\" value=\"0\"><input type=\"hidden\" name=\"action\" value=\"forminator_submit_form_custom-forms\"><\/form><\/div>\n<\/div>\n<\/div><\/div>\n\n\n\n<div style=\"height:30px\" aria-hidden=\"true\" class=\"wp-block-spacer\"><\/div>\n<\/div><\/div>\n<\/div><\/div>\n","protected":false},"excerpt":{"rendered":"","protected":false},"author":1,"featured_media":0,"parent":0,"menu_order":0,"comment_status":"closed","ping_status":"closed","template":"","meta":{"neve_meta_sidebar":"","neve_meta_container":"","neve_meta_enable_content_width":"on","neve_meta_content_width":100,"neve_meta_title_alignment":"","neve_meta_author_avatar":"","neve_post_elements_order":"","neve_meta_disable_header":"","neve_meta_disable_footer":"","neve_meta_disable_title":"on","_themeisle_gutenberg_block_has_review":false,"_ti_tpc_template_sync":false,"_ti_tpc_template_id":"","_joinchat":[],"footnotes":""},"categories":[],"tags":[],"class_list":["post-521","page","type-page","status-publish","hentry"],"_links":{"self":[{"href":"https:\/\/mobile-tic.com\/index.php?rest_route=\/wp\/v2\/pages\/521","targetHints":{"allow":["GET"]}}],"collection":[{"href":"https:\/\/mobile-tic.com\/index.php?rest_route=\/wp\/v2\/pages"}],"about":[{"href":"https:\/\/mobile-tic.com\/index.php?rest_route=\/wp\/v2\/types\/page"}],"author":[{"embeddable":true,"href":"https:\/\/mobile-tic.com\/index.php?rest_route=\/wp\/v2\/users\/1"}],"replies":[{"embeddable":true,"href":"https:\/\/mobile-tic.com\/index.php?rest_route=%2Fwp%2Fv2%2Fcomments&post=521"}],"version-history":[{"count":30,"href":"https:\/\/mobile-tic.com\/index.php?rest_route=\/wp\/v2\/pages\/521\/revisions"}],"predecessor-version":[{"id":952,"href":"https:\/\/mobile-tic.com\/index.php?rest_route=\/wp\/v2\/pages\/521\/revisions\/952"}],"wp:attachment":[{"href":"https:\/\/mobile-tic.com\/index.php?rest_route=%2Fwp%2Fv2%2Fmedia&parent=521"}],"wp:term":[{"taxonomy":"category","embeddable":true,"href":"https:\/\/mobile-tic.com\/index.php?rest_route=%2Fwp%2Fv2%2Fcategories&post=521"},{"taxonomy":"post_tag","embeddable":true,"href":"https:\/\/mobile-tic.com\/index.php?rest_route=%2Fwp%2Fv2%2Ftags&post=521"}],"curies":[{"name":"wp","href":"https:\/\/api.w.org\/{rel}","templated":true}]}}