{"id":9,"date":"2023-03-06T18:26:48","date_gmt":"2023-03-06T23:26:48","guid":{"rendered":"http:\/\/mobile-tic.com?page_id=9"},"modified":"2023-11-01T21:41:12","modified_gmt":"2023-11-02T02:41:12","slug":"acerca-de","status":"publish","type":"page","link":"https:\/\/mobile-tic.com\/","title":{"rendered":"Nosotros"},"content":{"rendered":"\n<div class=\"wp-block-cover alignfull\" style=\"min-height:600px;aspect-ratio:unset;\"><span aria-hidden=\"true\" class=\"wp-block-cover__background has-nv-light-bg-background-color has-background-dim-100 has-background-dim\"><\/span><div class=\"wp-block-cover__inner-container is-layout-flow wp-block-cover-is-layout-flow\">\n<div class=\"wp-block-group\"><div class=\"wp-block-group__inner-container is-layout-flow wp-block-group-is-layout-flow\">\n<div style=\"height:30px\" aria-hidden=\"true\" class=\"wp-block-spacer\"><\/div>\n\n\n\n<div class=\"wp-block-columns are-vertically-aligned-center is-layout-flex wp-container-core-columns-is-layout-9d6595d7 wp-block-columns-is-layout-flex\">\n<div class=\"wp-block-column is-vertically-aligned-center is-layout-flow wp-block-column-is-layout-flow\" style=\"flex-basis:50%\">\n<figure class=\"wp-block-image size-large\"><img loading=\"lazy\" decoding=\"async\" width=\"1024\" height=\"576\" src=\"https:\/\/mobile-tic.com\/wp-content\/uploads\/2023\/03\/contacto-1024x576.jpg\" alt=\"\" class=\"wp-image-465\" srcset=\"https:\/\/mobile-tic.com\/wp-content\/uploads\/2023\/03\/contacto-1024x576.jpg 1024w, https:\/\/mobile-tic.com\/wp-content\/uploads\/2023\/03\/contacto-300x169.jpg 300w, https:\/\/mobile-tic.com\/wp-content\/uploads\/2023\/03\/contacto-768x432.jpg 768w, https:\/\/mobile-tic.com\/wp-content\/uploads\/2023\/03\/contacto-1536x864.jpg 1536w, https:\/\/mobile-tic.com\/wp-content\/uploads\/2023\/03\/contacto.jpg 1920w\" sizes=\"auto, (max-width: 1024px) 100vw, 1024px\" \/><\/figure>\n<\/div>\n\n\n\n<div class=\"wp-block-column is-vertically-aligned-center is-layout-flow wp-block-column-is-layout-flow\" style=\"flex-basis:50%\">\n<h2 class=\"wp-block-heading has-neve-text-color-color has-text-color\">\u00bfQui\u00e9nes somos?<\/h2>\n\n\n\n<p class=\"has-neve-text-color-color has-text-color has-medium-font-size\"><strong>Mobile Tic<\/strong>, una compa\u00f1\u00eda con m\u00e1s de 20 a\u00f1os de trayectoria integrando soluciones inform\u00e1ticas m\u00f3viles que facilitan el acceso, visualizaci\u00f3n y administraci\u00f3n de sistemas empresariales existentes como  <strong>PSL<\/strong>, <strong>DMS<\/strong>, <strong>G&amp;G<\/strong>, <strong>Softland<\/strong>, <strong>MAX<\/strong>, <strong>SistemasUNO<\/strong>, <strong>SAP<\/strong>.<\/p>\n<\/div>\n<\/div>\n\n\n\n<div style=\"height:30px\" aria-hidden=\"true\" class=\"wp-block-spacer\"><\/div>\n<\/div><\/div>\n<\/div><\/div>\n\n\n\n<div id=\"wp-block-themeisle-blocks-advanced-columns-a70ed3e3\" class=\"wp-block-themeisle-blocks-advanced-columns has-2-columns has-desktop-equal-layout has-tablet-equal-layout has-mobile-collapsedRows-layout has-vertical-unset\"><div class=\"wp-block-themeisle-blocks-advanced-columns-overlay\"><\/div><div class=\"innerblocks-wrap\">\n<div id=\"wp-block-themeisle-blocks-advanced-column-19ebd8b8\" class=\"wp-block-themeisle-blocks-advanced-column\">\n<h2 class=\"wp-block-heading\">Misi\u00f3n<\/h2>\n\n\n\n<p>Apoyar el crecimiento productivo de nuestros clientes, entregando herramientas, conocimiento y tecnolog\u00eda inform\u00e1tica que satisfaga sus necesidades en el mercado nacional e internacional; a trav\u00e9s del desarrollo aplicado a las necesidades espec\u00edficas de cada empresa o persona ofreci\u00e9ndoles soluciones integrales y respaldados con nuestra asesor\u00eda, soporte y mantenimiento permanente.<\/p>\n<\/div>\n\n\n\n<div id=\"wp-block-themeisle-blocks-advanced-column-8029956f\" class=\"wp-block-themeisle-blocks-advanced-column\">\n<h2 class=\"wp-block-heading\">Visi\u00f3n<\/h2>\n\n\n\n<p>Ser una empresa l\u00edder, modelo en desarrollo y aplicaci\u00f3n de herramientas de tecnolog\u00eda inform\u00e1tica; s\u00f3lida, rentable y en permanente evoluci\u00f3n que satisfaga las necesidades de herramientas inform\u00e1ticas de calidad, competentes e innovadoras y , comprometida con el servicio al cliente, la formaci\u00f3n integral de su recurso humano y tecnol\u00f3gico.<\/p>\n<\/div>\n<\/div><\/div>\n\n\n\n<div class=\"wp-block-cover alignfull\" style=\"min-height:420px;aspect-ratio:unset;\"><span aria-hidden=\"true\" class=\"wp-block-cover__background has-nv-light-bg-background-color has-background-dim-100 has-background-dim\"><\/span><div class=\"wp-block-cover__inner-container is-layout-flow wp-block-cover-is-layout-flow\">\n<div style=\"height:80px\" aria-hidden=\"true\" class=\"wp-block-spacer\"><\/div>\n\n\n\n<h2 class=\"wp-block-heading has-text-align-center has-neve-text-color-color has-text-color\">\u00bfPor qu\u00e9 elegirnos?<\/h2>\n\n\n\n<div class=\"wp-block-columns is-layout-flex wp-container-core-columns-is-layout-9d6595d7 wp-block-columns-is-layout-flex\">\n<div class=\"wp-block-column ticss-4ce656f1 is-layout-flow wp-block-column-is-layout-flow\">\n<div id=\"wp-block-themeisle-blocks-font-awesome-icons-b299d7f7\" class=\"wp-block-themeisle-blocks-font-awesome-icons\"><span class=\"wp-block-themeisle-blocks-font-awesome-icons-container\"><i class=\"fas fa-laptop-code\"><\/i><\/span><\/div>\n\n\n\n<h3 class=\"wp-block-heading has-text-align-center has-neve-link-color-color has-text-color\">Innovaci\u00f3n<\/h3>\n\n\n\n<p class=\"has-text-align-left has-neve-text-color-color has-text-color\">C\u00f3mo compa\u00f1\u00eda integradora de soluciones inform\u00e1ticas m\u00f3viles, estamos constantemente buscando nuevas formas de mejorar nuestros productos y servicios para satisfacer las necesidades cambiantes de nuestros clientes y as\u00ed mantenernos a la vanguardia de la tecnolog\u00eda.<\/p>\n\n\n\n<div style=\"height:20px\" aria-hidden=\"true\" class=\"wp-block-spacer\"><\/div>\n<\/div>\n\n\n\n<div class=\"wp-block-column ticss-4ce656f1 is-layout-flow wp-block-column-is-layout-flow\">\n<div id=\"wp-block-themeisle-blocks-font-awesome-icons-4ce856d7\" class=\"wp-block-themeisle-blocks-font-awesome-icons\"><span class=\"wp-block-themeisle-blocks-font-awesome-icons-container\"><i class=\"fas fa-code-branch\"><\/i><\/span><\/div>\n\n\n\n<h3 class=\"wp-block-heading has-text-align-center has-neve-link-color-color has-text-color\">Flexibilidad<\/h3>\n\n\n\n<p class=\"has-text-align-left has-neve-text-color-color has-text-color\">Nos adaptamos a diferentes tecnolog\u00edas para ofrecer soluciones personalizadas que cumplan con las necesidades \u00fanicas de cada cliente.<\/p>\n\n\n\n<div style=\"height:20px\" aria-hidden=\"true\" class=\"wp-block-spacer\"><\/div>\n<\/div>\n\n\n\n<div class=\"wp-block-column ticss-4ce656f1 is-layout-flow wp-block-column-is-layout-flow\">\n<div id=\"wp-block-themeisle-blocks-font-awesome-icons-a0d69a47\" class=\"wp-block-themeisle-blocks-font-awesome-icons\"><span class=\"wp-block-themeisle-blocks-font-awesome-icons-container\"><i class=\"fas fa-hands-helping\"><\/i><\/span><\/div>\n\n\n\n<h3 class=\"wp-block-heading has-text-align-center has-neve-link-color-color has-text-color\">Confianza<\/h3>\n\n\n\n<p class=\"has-text-align-left has-neve-text-color-color has-text-color\">Trabajamos con la m\u00e1xima integridad y transparencia, y nos tomamos en serio nuestra responsabilidad de proteger los datos y la privacidad de nuestros clientes.<\/p>\n\n\n\n<div style=\"height:20px\" aria-hidden=\"true\" class=\"wp-block-spacer\"><\/div>\n<\/div>\n<\/div>\n\n\n\n<div style=\"height:30px\" aria-hidden=\"true\" class=\"wp-block-spacer\"><\/div>\n<\/div><\/div>\n\n\n\n<div class=\"wp-block-cover alignfull\" style=\"min-height:600px;aspect-ratio:unset;\"><span aria-hidden=\"true\" class=\"wp-block-cover__background has-nv-text-dark-bg-background-color has-background-dim-100 has-background-dim\"><\/span><div class=\"wp-block-cover__inner-container is-layout-flow wp-block-cover-is-layout-flow\">\n<div class=\"wp-block-group\"><div class=\"wp-block-group__inner-container is-layout-flow wp-block-group-is-layout-flow\">\n<div style=\"height:80px\" aria-hidden=\"true\" class=\"wp-block-spacer\"><\/div>\n\n\n\n<div class=\"wp-block-columns are-vertically-aligned-center is-layout-flex wp-container-core-columns-is-layout-9d6595d7 wp-block-columns-is-layout-flex\">\n<div class=\"wp-block-column is-vertically-aligned-center is-layout-flow wp-block-column-is-layout-flow\" style=\"flex-basis:50%\">\n<h2 class=\"wp-block-heading has-neve-link-hover-color-color has-text-color\">Conoce m\u00e1s&#8230;<\/h2>\n\n\n\n<p class=\"has-neve-text-color-color has-text-color\">En la actualidad, la movilidad es clave en cualquier tipo de negocio, por lo que ofrecemos soluciones de software a medida para mejorar la eficiencia y productividad de tu empresa. Nos enfocamos en comprender tus necesidades espec\u00edficas y te ayudamos a implementar soluciones inform\u00e1ticas innovadoras que te permitan aumentar la eficiencia, mejorar la satisfacci\u00f3n del cliente y optimizar tus procesos de negocio.<\/p>\n\n\n\n<p class=\"has-neve-text-color-color has-text-color\">Nos comprometemos a ofrecer un servicio integral, que va desde la concepci\u00f3n de la idea hasta la implementaci\u00f3n de la soluci\u00f3n, y nuestro equipo de expertos est\u00e1 altamente capacitado para garantizar el \u00e9xito de tu proyecto. Adem\u00e1s, nos aseguramos de que la soluci\u00f3n se adapte perfectamente a tu empresa, a tus necesidades y a tu presupuesto.<\/p>\n\n\n\n<p class=\"has-neve-text-color-color has-text-color\">En resumen, si est\u00e1s buscando una empresa confiable que te ofrezca soluciones inform\u00e1ticas m\u00f3viles de calidad, no dudes en contactarnos. En nuestra empresa, estamos comprometidos a ayudarte a llevar tu empresa al siguiente nivel, y estamos seguros de que podemos hacerlo juntos. \u00a1Cont\u00e1ctanos hoy mismo y comencemos a trabajar en tu proyecto!<\/p>\n\n\n\n<div style=\"height:20px\" aria-hidden=\"true\" class=\"wp-block-spacer\"><\/div>\n\n\n\n<div class=\"wp-block-buttons is-layout-flex wp-block-buttons-is-layout-flex\">\n<div class=\"wp-block-button is-style-primary\"><a class=\"wp-block-button__link wp-element-button\" href=\"#\">\u00a1Comencemos!<\/a><\/div>\n<\/div>\n\n\n\n<div style=\"height:20px\" aria-hidden=\"true\" class=\"wp-block-spacer\"><\/div>\n<\/div>\n\n\n\n<div class=\"wp-block-column is-vertically-aligned-center is-layout-flow wp-block-column-is-layout-flow\" style=\"flex-basis:50%\">\n<figure class=\"wp-block-image size-full is-resized\"><img loading=\"lazy\" decoding=\"async\" width=\"360\" height=\"360\" src=\"https:\/\/mobile-tic.com\/wp-content\/uploads\/2019\/07\/neve-architect-demo-18.jpg\" alt=\"\" class=\"wp-image-149\" style=\"aspect-ratio:1;width:568px;height:auto\" srcset=\"https:\/\/mobile-tic.com\/wp-content\/uploads\/2019\/07\/neve-architect-demo-18.jpg 360w, https:\/\/mobile-tic.com\/wp-content\/uploads\/2019\/07\/neve-architect-demo-18-300x300.jpg 300w, https:\/\/mobile-tic.com\/wp-content\/uploads\/2019\/07\/neve-architect-demo-18-150x150.jpg 150w\" sizes=\"auto, (max-width: 360px) 100vw, 360px\" \/><\/figure>\n<\/div>\n<\/div>\n\n\n\n<div style=\"height:40px\" aria-hidden=\"true\" class=\"wp-block-spacer\"><\/div>\n<\/div><\/div>\n<\/div><\/div>\n","protected":false},"excerpt":{"rendered":"","protected":false},"author":1,"featured_media":0,"parent":0,"menu_order":0,"comment_status":"closed","ping_status":"closed","template":"","meta":{"neve_meta_sidebar":"","neve_meta_container":"","neve_meta_enable_content_width":"on","neve_meta_content_width":100,"neve_meta_title_alignment":"","neve_meta_author_avatar":"","neve_post_elements_order":"","neve_meta_disable_header":"","neve_meta_disable_footer":"","neve_meta_disable_title":"on","_themeisle_gutenberg_block_has_review":false,"_joinchat":[],"footnotes":""},"categories":[],"tags":[],"class_list":["post-9","page","type-page","status-publish","hentry"],"_links":{"self":[{"href":"https:\/\/mobile-tic.com\/index.php?rest_route=\/wp\/v2\/pages\/9","targetHints":{"allow":["GET"]}}],"collection":[{"href":"https:\/\/mobile-tic.com\/index.php?rest_route=\/wp\/v2\/pages"}],"about":[{"href":"https:\/\/mobile-tic.com\/index.php?rest_route=\/wp\/v2\/types\/page"}],"author":[{"embeddable":true,"href":"https:\/\/mobile-tic.com\/index.php?rest_route=\/wp\/v2\/users\/1"}],"replies":[{"embeddable":true,"href":"https:\/\/mobile-tic.com\/index.php?rest_route=%2Fwp%2Fv2%2Fcomments&post=9"}],"version-history":[{"count":0,"href":"https:\/\/mobile-tic.com\/index.php?rest_route=\/wp\/v2\/pages\/9\/revisions"}],"wp:attachment":[{"href":"https:\/\/mobile-tic.com\/index.php?rest_route=%2Fwp%2Fv2%2Fmedia&parent=9"}],"wp:term":[{"taxonomy":"category","embeddable":true,"href":"https:\/\/mobile-tic.com\/index.php?rest_route=%2Fwp%2Fv2%2Fcategories&post=9"},{"taxonomy":"post_tag","embeddable":true,"href":"https:\/\/mobile-tic.com\/index.php?rest_route=%2Fwp%2Fv2%2Ftags&post=9"}],"curies":[{"name":"wp","href":"https:\/\/api.w.org\/{rel}","templated":true}]}}